{"id":105739,"date":"2020-08-18T14:02:46","date_gmt":"2020-08-18T04:02:46","guid":{"rendered":"https:\/\/augstudy.com\/?page_id=105739"},"modified":"2023-10-22T23:23:12","modified_gmt":"2023-10-22T12:23:12","slug":"nicole-chong","status":"publish","type":"page","link":"https:\/\/augstudy.com\/vi\/vcard\/malaysia\/nicole-chong\/","title":{"rendered":"Nicole Chong"},"content":{"rendered":"<div class=\"vc_row wpb_row vc_row-fluid\"><div class=\"wpb_column vc_column_container vc_col-sm-12\"><div class=\"vc_column-inner\"><div class=\"wpb_wrapper\">\n\t<div class=\"wpb_raw_code wpb_content_element wpb_raw_html margin_bottom_0px\">\n\t\t<div class=\"wpb_wrapper\">\n\t\t\t<a class=\"vcard-download\" href=\"https:\/\/augstudy.com\/aug-website-files\/wp-content\/uploads\/vcard\/Nicole_CHONG.vcf\"><\/a>\n\t\t<\/div>\n\t<\/div>\n<\/div><\/div><\/div><\/div>","protected":false},"excerpt":{"rendered":"","protected":false},"author":4,"featured_media":386107,"parent":105664,"menu_order":0,"comment_status":"closed","ping_status":"closed","template":"","meta":{"footnotes":""},"class_list":["post-105739","page","type-page","status-publish","hentry"],"yoast_head":"<!-- This site is optimized with the Yoast SEO Premium plugin v27.0 (Yoast SEO v27.3) - https:\/\/yoast.com\/product\/yoast-seo-premium-wordpress\/ -->\n<title>Nicole Chong - AUG Student Services<\/title>\n<meta name=\"description\" content=\"Nicole&#039;s exceptional personality, drive, and commitment to student success are a testament to her abilities and an example for other aspiring education industry professionals. Her numerous accolades include the &quot;AUG Most Dedicated Counsellor Award&quot; in 2015 and the &quot;Leadership Award - Best Customer Service&quot; in 2017, which reflect her unwavering dedication to her students and stakeholders.\" \/>\n<meta name=\"robots\" content=\"index, follow, max-snippet:-1, max-image-preview:large, max-video-preview:-1\" \/>\n<link rel=\"canonical\" href=\"https:\/\/augstudy.com\/vi\/vcard\/malaysia-2\/nicole-chong\/\" \/>\n<meta property=\"og:locale\" content=\"vi_VN\" \/>\n<meta property=\"og:type\" content=\"article\" \/>\n<meta property=\"og:title\" content=\"Nicole Chong\" \/>\n<meta property=\"og:description\" content=\"Nicole&#039;s exceptional personality, drive, and commitment to student success are a testament to her abilities and an example for other aspiring education industry professionals. Her numerous accolades include the &quot;AUG Most Dedicated Counsellor Award&quot; in 2015 and the &quot;Leadership Award - Best Customer Service&quot; in 2017, which reflect her unwavering dedication to her students and stakeholders.\" \/>\n<meta property=\"og:url\" content=\"https:\/\/augstudy.com\/vi\/vcard\/malaysia-2\/nicole-chong\/\" \/>\n<meta property=\"og:site_name\" content=\"AUG Student Services\" \/>\n<meta property=\"article:publisher\" content=\"https:\/\/www.facebook.com\/augmalaysia\/\" \/>\n<meta property=\"article:modified_time\" content=\"2023-10-22T12:23:12+00:00\" \/>\n<meta property=\"og:image\" content=\"https:\/\/augstudy.com\/aug-website-files\/wp-content\/uploads\/2023\/10\/aug_vcard_nicole_chong_500x500.png\" \/>\n\t<meta property=\"og:image:width\" content=\"500\" \/>\n\t<meta property=\"og:image:height\" content=\"500\" \/>\n\t<meta property=\"og:image:type\" content=\"image\/png\" \/>\n<meta name=\"twitter:card\" content=\"summary_large_image\" \/>\n<meta name=\"twitter:label1\" content=\"\u01af\u1edbc t\u00ednh th\u1eddi gian \u0111\u1ecdc\" \/>\n\t<meta name=\"twitter:data1\" content=\"1 ph\u00fat\" \/>\n<script type=\"application\/ld+json\" class=\"yoast-schema-graph\">{\"@context\":\"https:\\\/\\\/schema.org\",\"@graph\":[{\"@type\":\"WebPage\",\"@id\":\"https:\\\/\\\/augstudy.com\\\/vcard\\\/malaysia\\\/nicole-chong\\\/\",\"url\":\"https:\\\/\\\/augstudy.com\\\/vcard\\\/malaysia\\\/nicole-chong\\\/\",\"name\":\"Nicole Chong - AUG Student Services\",\"isPartOf\":{\"@id\":\"https:\\\/\\\/augstudy.com\\\/#website\"},\"primaryImageOfPage\":{\"@id\":\"https:\\\/\\\/augstudy.com\\\/vcard\\\/malaysia\\\/nicole-chong\\\/#primaryimage\"},\"image\":{\"@id\":\"https:\\\/\\\/augstudy.com\\\/vcard\\\/malaysia\\\/nicole-chong\\\/#primaryimage\"},\"thumbnailUrl\":\"https:\\\/\\\/augstudy.com\\\/aug-website-files\\\/wp-content\\\/uploads\\\/2023\\\/10\\\/aug_vcard_nicole_chong_500x500.png\",\"datePublished\":\"2020-08-18T04:02:46+00:00\",\"dateModified\":\"2023-10-22T12:23:12+00:00\",\"description\":\"Nicole's exceptional personality, drive, and commitment to student success are a testament to her abilities and an example for other aspiring education industry professionals. Her numerous accolades include the \\\"AUG Most Dedicated Counsellor Award\\\" in 2015 and the \\\"Leadership Award - Best Customer Service\\\" in 2017, which reflect her unwavering dedication to her students and stakeholders.\",\"breadcrumb\":{\"@id\":\"https:\\\/\\\/augstudy.com\\\/vcard\\\/malaysia\\\/nicole-chong\\\/#breadcrumb\"},\"inLanguage\":\"vi\",\"potentialAction\":[{\"@type\":\"ReadAction\",\"target\":[\"https:\\\/\\\/augstudy.com\\\/vcard\\\/malaysia\\\/nicole-chong\\\/\"]}]},{\"@type\":\"ImageObject\",\"inLanguage\":\"vi\",\"@id\":\"https:\\\/\\\/augstudy.com\\\/vcard\\\/malaysia\\\/nicole-chong\\\/#primaryimage\",\"url\":\"https:\\\/\\\/augstudy.com\\\/aug-website-files\\\/wp-content\\\/uploads\\\/2023\\\/10\\\/aug_vcard_nicole_chong_500x500.png\",\"contentUrl\":\"https:\\\/\\\/augstudy.com\\\/aug-website-files\\\/wp-content\\\/uploads\\\/2023\\\/10\\\/aug_vcard_nicole_chong_500x500.png\",\"width\":500,\"height\":500},{\"@type\":\"BreadcrumbList\",\"@id\":\"https:\\\/\\\/augstudy.com\\\/vcard\\\/malaysia\\\/nicole-chong\\\/#breadcrumb\",\"itemListElement\":[{\"@type\":\"ListItem\",\"position\":1,\"name\":\"Home\",\"item\":\"https:\\\/\\\/augstudy.com\\\/\"},{\"@type\":\"ListItem\",\"position\":2,\"name\":\"vCard\",\"item\":\"https:\\\/\\\/augstudy.com\\\/vcard\\\/\"},{\"@type\":\"ListItem\",\"position\":3,\"name\":\"vCard &#8211; Malaysia\",\"item\":\"https:\\\/\\\/augstudy.com\\\/vcard\\\/malaysia\\\/\"},{\"@type\":\"ListItem\",\"position\":4,\"name\":\"Nicole Chong\"}]},{\"@type\":\"WebSite\",\"@id\":\"https:\\\/\\\/augstudy.com\\\/#website\",\"url\":\"https:\\\/\\\/augstudy.com\\\/\",\"name\":\"AUG Student Services\",\"description\":\"Student Services\",\"alternateName\":\"AUG Global\",\"potentialAction\":[{\"@type\":\"SearchAction\",\"target\":{\"@type\":\"EntryPoint\",\"urlTemplate\":\"https:\\\/\\\/augstudy.com\\\/?s={search_term_string}\"},\"query-input\":{\"@type\":\"PropertyValueSpecification\",\"valueRequired\":true,\"valueName\":\"search_term_string\"}}],\"inLanguage\":\"vi\"}]}<\/script>\n<!-- \/ Yoast SEO Premium plugin. -->","yoast_head_json":{"title":"Nicole Chong - AUG Student Services","description":"T\u00ednh c\u00e1ch \u0111\u1eb7c bi\u1ec7t, \u0111\u1ed9ng l\u1ef1c v\u00e0 cam k\u1ebft c\u1ee7a Nicole \u0111\u1ed1i v\u1edbi s\u1ef1 th\u00e0nh c\u00f4ng c\u1ee7a sinh vi\u00ean l\u00e0 minh ch\u1ee9ng cho kh\u1ea3 n\u0103ng c\u1ee7a c\u00f4 v\u00e0 l\u00e0 t\u1ea5m g\u01b0\u01a1ng cho c\u00e1c chuy\u00ean gia ng\u00e0nh gi\u00e1o d\u1ee5c \u0111\u1ea7y tham v\u1ecdng kh\u00e1c. Nhi\u1ec1u gi\u1ea3i th\u01b0\u1edfng c\u1ee7a c\u00f4 bao g\u1ed3m &quot;Gi\u1ea3i th\u01b0\u1edfng C\u1ed1 v\u1ea5n t\u1eadn t\u00e2m nh\u1ea5t AUG&quot; n\u0103m 2015 v\u00e0 &quot;Gi\u1ea3i th\u01b0\u1edfng L\u00e3nh \u0111\u1ea1o - D\u1ecbch v\u1ee5 kh\u00e1ch h\u00e0ng t\u1ed1t nh\u1ea5t&quot; n\u0103m 2017, ph\u1ea3n \u00e1nh s\u1ef1 c\u1ed1ng hi\u1ebfn kh\u00f4ng ng\u1eebng ngh\u1ec9 c\u1ee7a c\u00f4 cho sinh vi\u00ean v\u00e0 c\u00e1c b\u00ean li\u00ean quan.","robots":{"index":"index","follow":"follow","max-snippet":"max-snippet:-1","max-image-preview":"max-image-preview:large","max-video-preview":"max-video-preview:-1"},"canonical":"https:\/\/augstudy.com\/vi\/vcard\/malaysia-2\/nicole-chong\/","og_locale":"vi_VN","og_type":"article","og_title":"Nicole Chong","og_description":"Nicole's exceptional personality, drive, and commitment to student success are a testament to her abilities and an example for other aspiring education industry professionals. Her numerous accolades include the \"AUG Most Dedicated Counsellor Award\" in 2015 and the \"Leadership Award - Best Customer Service\" in 2017, which reflect her unwavering dedication to her students and stakeholders.","og_url":"https:\/\/augstudy.com\/vi\/vcard\/malaysia-2\/nicole-chong\/","og_site_name":"AUG Student Services","article_publisher":"https:\/\/www.facebook.com\/augmalaysia\/","article_modified_time":"2023-10-22T12:23:12+00:00","og_image":[{"width":500,"height":500,"url":"https:\/\/augstudy.com\/aug-website-files\/wp-content\/uploads\/2023\/10\/aug_vcard_nicole_chong_500x500.png","type":"image\/png"}],"twitter_card":"summary_large_image","twitter_misc":{"\u01af\u1edbc t\u00ednh th\u1eddi gian \u0111\u1ecdc":"1 ph\u00fat"},"schema":{"@context":"https:\/\/schema.org","@graph":[{"@type":"WebPage","@id":"https:\/\/augstudy.com\/vcard\/malaysia\/nicole-chong\/","url":"https:\/\/augstudy.com\/vcard\/malaysia\/nicole-chong\/","name":"Nicole Chong - AUG Student Services","isPartOf":{"@id":"https:\/\/augstudy.com\/#website"},"primaryImageOfPage":{"@id":"https:\/\/augstudy.com\/vcard\/malaysia\/nicole-chong\/#primaryimage"},"image":{"@id":"https:\/\/augstudy.com\/vcard\/malaysia\/nicole-chong\/#primaryimage"},"thumbnailUrl":"https:\/\/augstudy.com\/aug-website-files\/wp-content\/uploads\/2023\/10\/aug_vcard_nicole_chong_500x500.png","datePublished":"2020-08-18T04:02:46+00:00","dateModified":"2023-10-22T12:23:12+00:00","description":"T\u00ednh c\u00e1ch \u0111\u1eb7c bi\u1ec7t, \u0111\u1ed9ng l\u1ef1c v\u00e0 cam k\u1ebft c\u1ee7a Nicole \u0111\u1ed1i v\u1edbi s\u1ef1 th\u00e0nh c\u00f4ng c\u1ee7a sinh vi\u00ean l\u00e0 minh ch\u1ee9ng cho kh\u1ea3 n\u0103ng c\u1ee7a c\u00f4 v\u00e0 l\u00e0 t\u1ea5m g\u01b0\u01a1ng cho c\u00e1c chuy\u00ean gia ng\u00e0nh gi\u00e1o d\u1ee5c \u0111\u1ea7y tham v\u1ecdng kh\u00e1c. Nhi\u1ec1u gi\u1ea3i th\u01b0\u1edfng c\u1ee7a c\u00f4 bao g\u1ed3m &quot;Gi\u1ea3i th\u01b0\u1edfng C\u1ed1 v\u1ea5n t\u1eadn t\u00e2m nh\u1ea5t AUG&quot; n\u0103m 2015 v\u00e0 &quot;Gi\u1ea3i th\u01b0\u1edfng L\u00e3nh \u0111\u1ea1o - D\u1ecbch v\u1ee5 kh\u00e1ch h\u00e0ng t\u1ed1t nh\u1ea5t&quot; n\u0103m 2017, ph\u1ea3n \u00e1nh s\u1ef1 c\u1ed1ng hi\u1ebfn kh\u00f4ng ng\u1eebng ngh\u1ec9 c\u1ee7a c\u00f4 cho sinh vi\u00ean v\u00e0 c\u00e1c b\u00ean li\u00ean quan.","breadcrumb":{"@id":"https:\/\/augstudy.com\/vcard\/malaysia\/nicole-chong\/#breadcrumb"},"inLanguage":"vi","potentialAction":[{"@type":"ReadAction","target":["https:\/\/augstudy.com\/vcard\/malaysia\/nicole-chong\/"]}]},{"@type":"ImageObject","inLanguage":"vi","@id":"https:\/\/augstudy.com\/vcard\/malaysia\/nicole-chong\/#primaryimage","url":"https:\/\/augstudy.com\/aug-website-files\/wp-content\/uploads\/2023\/10\/aug_vcard_nicole_chong_500x500.png","contentUrl":"https:\/\/augstudy.com\/aug-website-files\/wp-content\/uploads\/2023\/10\/aug_vcard_nicole_chong_500x500.png","width":500,"height":500},{"@type":"BreadcrumbList","@id":"https:\/\/augstudy.com\/vcard\/malaysia\/nicole-chong\/#breadcrumb","itemListElement":[{"@type":"ListItem","position":1,"name":"Home","item":"https:\/\/augstudy.com\/"},{"@type":"ListItem","position":2,"name":"vCard","item":"https:\/\/augstudy.com\/vcard\/"},{"@type":"ListItem","position":3,"name":"vCard &#8211; Malaysia","item":"https:\/\/augstudy.com\/vcard\/malaysia\/"},{"@type":"ListItem","position":4,"name":"Nicole Chong"}]},{"@type":"WebSite","@id":"https:\/\/augstudy.com\/#website","url":"https:\/\/augstudy.com\/","name":"D\u1ecbch v\u1ee5 Sinh vi\u00ean AUG","description":"D\u1ecbch v\u1ee5 sinh vi\u00ean","alternateName":"AUG Global","potentialAction":[{"@type":"SearchAction","target":{"@type":"EntryPoint","urlTemplate":"https:\/\/augstudy.com\/?s={search_term_string}"},"query-input":{"@type":"PropertyValueSpecification","valueRequired":true,"valueName":"search_term_string"}}],"inLanguage":"vi"}]}},"_links":{"self":[{"href":"https:\/\/augstudy.com\/vi\/wp-json\/wp\/v2\/pages\/105739","targetHints":{"allow":["GET"]}}],"collection":[{"href":"https:\/\/augstudy.com\/vi\/wp-json\/wp\/v2\/pages"}],"about":[{"href":"https:\/\/augstudy.com\/vi\/wp-json\/wp\/v2\/types\/page"}],"author":[{"embeddable":true,"href":"https:\/\/augstudy.com\/vi\/wp-json\/wp\/v2\/users\/4"}],"replies":[{"embeddable":true,"href":"https:\/\/augstudy.com\/vi\/wp-json\/wp\/v2\/comments?post=105739"}],"version-history":[{"count":0,"href":"https:\/\/augstudy.com\/vi\/wp-json\/wp\/v2\/pages\/105739\/revisions"}],"up":[{"embeddable":true,"href":"https:\/\/augstudy.com\/vi\/wp-json\/wp\/v2\/pages\/105664"}],"wp:featuredmedia":[{"embeddable":true,"href":"https:\/\/augstudy.com\/vi\/wp-json\/wp\/v2\/media\/386107"}],"wp:attachment":[{"href":"https:\/\/augstudy.com\/vi\/wp-json\/wp\/v2\/media?parent=105739"}],"curies":[{"name":"wp","href":"https:\/\/api.w.org\/{rel}","templated":true}]}}