{"id":105713,"date":"2020-08-18T13:09:14","date_gmt":"2020-08-18T03:09:14","guid":{"rendered":"https:\/\/augstudy.com\/?page_id=105713"},"modified":"2024-06-28T16:55:54","modified_gmt":"2024-06-28T06:55:54","slug":"james-kon","status":"publish","type":"page","link":"https:\/\/augstudy.com\/vi\/vcard\/malaysia\/james-kon\/","title":{"rendered":"James Kon"},"content":{"rendered":"<div class=\"vc_row wpb_row vc_row-fluid\"><div class=\"wpb_column vc_column_container vc_col-sm-12\"><div class=\"vc_column-inner\"><div class=\"wpb_wrapper\">\n\t<div class=\"wpb_raw_code wpb_content_element wpb_raw_html margin_bottom_0px\">\n\t\t<div class=\"wpb_wrapper\">\n\t\t\t<a class=\"vcard-download\" href=\"https:\/\/augstudy.com\/aug-website-files\/wp-content\/uploads\/vcard\/James_KON.vcf\"><\/a>\n\t\t<\/div>\n\t<\/div>\n<\/div><\/div><\/div><\/div>","protected":false},"excerpt":{"rendered":"","protected":false},"author":4,"featured_media":386096,"parent":105664,"menu_order":0,"comment_status":"closed","ping_status":"closed","template":"","meta":{"footnotes":""},"class_list":["post-105713","page","type-page","status-publish","hentry"],"yoast_head":"<!-- This site is optimized with the Yoast SEO Premium plugin v27.0 (Yoast SEO v27.3) - https:\/\/yoast.com\/product\/yoast-seo-premium-wordpress\/ -->\n<title>James Kon - AUG Student Services<\/title>\n<meta name=\"description\" content=\"James is the Regional Director of AUG Global. He brings nearly two decades of valuable experience in the education industry to the table. With a keen eye for strategic growth and a talent for leading successful teams, he has overseen the growth of AUG&#039;s operations across 8 countries, managing a network of 26 offices with a staff of over 150 professionals.\" \/>\n<meta name=\"robots\" content=\"index, follow, max-snippet:-1, max-image-preview:large, max-video-preview:-1\" \/>\n<link rel=\"canonical\" href=\"https:\/\/augstudy.com\/vi\/vcard\/malaysia-2\/james-kon\/\" \/>\n<meta property=\"og:locale\" content=\"vi_VN\" \/>\n<meta property=\"og:type\" content=\"article\" \/>\n<meta property=\"og:title\" content=\"James Kon\" \/>\n<meta property=\"og:description\" content=\"James is the Regional Director of AUG Global. He brings nearly two decades of valuable experience in the education industry to the table. With a keen eye for strategic growth and a talent for leading successful teams, he has overseen the growth of AUG&#039;s operations across 8 countries, managing a network of 26 offices with a staff of over 150 professionals.\" \/>\n<meta property=\"og:url\" content=\"https:\/\/augstudy.com\/vi\/vcard\/malaysia-2\/james-kon\/\" \/>\n<meta property=\"og:site_name\" content=\"AUG Student Services\" \/>\n<meta property=\"article:publisher\" content=\"https:\/\/www.facebook.com\/augmalaysia\/\" \/>\n<meta property=\"article:modified_time\" content=\"2024-06-28T06:55:54+00:00\" \/>\n<meta property=\"og:image\" content=\"https:\/\/augstudy.com\/aug-website-files\/wp-content\/uploads\/2023\/10\/aug_vcard_james_kon_500x500.png\" \/>\n\t<meta property=\"og:image:width\" content=\"500\" \/>\n\t<meta property=\"og:image:height\" content=\"500\" \/>\n\t<meta property=\"og:image:type\" content=\"image\/png\" \/>\n<meta name=\"twitter:card\" content=\"summary_large_image\" \/>\n<meta name=\"twitter:label1\" content=\"\u01af\u1edbc t\u00ednh th\u1eddi gian \u0111\u1ecdc\" \/>\n\t<meta name=\"twitter:data1\" content=\"1 ph\u00fat\" \/>\n<script type=\"application\/ld+json\" class=\"yoast-schema-graph\">{\"@context\":\"https:\\\/\\\/schema.org\",\"@graph\":[{\"@type\":\"WebPage\",\"@id\":\"https:\\\/\\\/augstudy.com\\\/vcard\\\/malaysia\\\/james-kon\\\/\",\"url\":\"https:\\\/\\\/augstudy.com\\\/vcard\\\/malaysia\\\/james-kon\\\/\",\"name\":\"James Kon - AUG Student Services\",\"isPartOf\":{\"@id\":\"https:\\\/\\\/augstudy.com\\\/#website\"},\"primaryImageOfPage\":{\"@id\":\"https:\\\/\\\/augstudy.com\\\/vcard\\\/malaysia\\\/james-kon\\\/#primaryimage\"},\"image\":{\"@id\":\"https:\\\/\\\/augstudy.com\\\/vcard\\\/malaysia\\\/james-kon\\\/#primaryimage\"},\"thumbnailUrl\":\"https:\\\/\\\/augstudy.com\\\/aug-website-files\\\/wp-content\\\/uploads\\\/2023\\\/10\\\/aug_vcard_james_kon_500x500.png\",\"datePublished\":\"2020-08-18T03:09:14+00:00\",\"dateModified\":\"2024-06-28T06:55:54+00:00\",\"description\":\"James is the Regional Director of AUG Global. He brings nearly two decades of valuable experience in the education industry to the table. With a keen eye for strategic growth and a talent for leading successful teams, he has overseen the growth of AUG's operations across 8 countries, managing a network of 26 offices with a staff of over 150 professionals.\",\"breadcrumb\":{\"@id\":\"https:\\\/\\\/augstudy.com\\\/vcard\\\/malaysia\\\/james-kon\\\/#breadcrumb\"},\"inLanguage\":\"vi\",\"potentialAction\":[{\"@type\":\"ReadAction\",\"target\":[\"https:\\\/\\\/augstudy.com\\\/vcard\\\/malaysia\\\/james-kon\\\/\"]}]},{\"@type\":\"ImageObject\",\"inLanguage\":\"vi\",\"@id\":\"https:\\\/\\\/augstudy.com\\\/vcard\\\/malaysia\\\/james-kon\\\/#primaryimage\",\"url\":\"https:\\\/\\\/augstudy.com\\\/aug-website-files\\\/wp-content\\\/uploads\\\/2023\\\/10\\\/aug_vcard_james_kon_500x500.png\",\"contentUrl\":\"https:\\\/\\\/augstudy.com\\\/aug-website-files\\\/wp-content\\\/uploads\\\/2023\\\/10\\\/aug_vcard_james_kon_500x500.png\",\"width\":500,\"height\":500},{\"@type\":\"BreadcrumbList\",\"@id\":\"https:\\\/\\\/augstudy.com\\\/vcard\\\/malaysia\\\/james-kon\\\/#breadcrumb\",\"itemListElement\":[{\"@type\":\"ListItem\",\"position\":1,\"name\":\"Home\",\"item\":\"https:\\\/\\\/augstudy.com\\\/\"},{\"@type\":\"ListItem\",\"position\":2,\"name\":\"vCard\",\"item\":\"https:\\\/\\\/augstudy.com\\\/vcard\\\/\"},{\"@type\":\"ListItem\",\"position\":3,\"name\":\"vCard &#8211; Malaysia\",\"item\":\"https:\\\/\\\/augstudy.com\\\/vcard\\\/malaysia\\\/\"},{\"@type\":\"ListItem\",\"position\":4,\"name\":\"James Kon\"}]},{\"@type\":\"WebSite\",\"@id\":\"https:\\\/\\\/augstudy.com\\\/#website\",\"url\":\"https:\\\/\\\/augstudy.com\\\/\",\"name\":\"AUG Student Services\",\"description\":\"Student Services\",\"alternateName\":\"AUG Global\",\"potentialAction\":[{\"@type\":\"SearchAction\",\"target\":{\"@type\":\"EntryPoint\",\"urlTemplate\":\"https:\\\/\\\/augstudy.com\\\/?s={search_term_string}\"},\"query-input\":{\"@type\":\"PropertyValueSpecification\",\"valueRequired\":true,\"valueName\":\"search_term_string\"}}],\"inLanguage\":\"vi\"}]}<\/script>\n<!-- \/ Yoast SEO Premium plugin. -->","yoast_head_json":{"title":"James Kon - AUG Student Services","description":"James l\u00e0 Gi\u00e1m \u0111\u1ed1c khu v\u1ef1c c\u1ee7a AUG Global. \u00d4ng mang \u0111\u1ebfn g\u1ea7n hai th\u1eadp k\u1ef7 kinh nghi\u1ec7m qu\u00fd b\u00e1u trong ng\u00e0nh gi\u00e1o d\u1ee5c. V\u1edbi con m\u1eaft nh\u1ea1y b\u00e9n v\u1ec1 ph\u00e1t tri\u1ec3n chi\u1ebfn l\u01b0\u1ee3c v\u00e0 t\u00e0i n\u0103ng l\u00e3nh \u0111\u1ea1o c\u00e1c nh\u00f3m th\u00e0nh c\u00f4ng, \u00f4ng \u0111\u00e3 gi\u00e1m s\u00e1t s\u1ef1 ph\u00e1t tri\u1ec3n ho\u1ea1t \u0111\u1ed9ng c\u1ee7a AUG tr\u00ean 8 qu\u1ed1c gia, qu\u1ea3n l\u00fd m\u1ea1ng l\u01b0\u1edbi 26 v\u0103n ph\u00f2ng v\u1edbi \u0111\u1ed9i ng\u0169 nh\u00e2n vi\u00ean h\u01a1n 150 chuy\u00ean gia.","robots":{"index":"index","follow":"follow","max-snippet":"max-snippet:-1","max-image-preview":"max-image-preview:large","max-video-preview":"max-video-preview:-1"},"canonical":"https:\/\/augstudy.com\/vi\/vcard\/malaysia-2\/james-kon\/","og_locale":"vi_VN","og_type":"article","og_title":"James Kon","og_description":"James is the Regional Director of AUG Global. He brings nearly two decades of valuable experience in the education industry to the table. With a keen eye for strategic growth and a talent for leading successful teams, he has overseen the growth of AUG's operations across 8 countries, managing a network of 26 offices with a staff of over 150 professionals.","og_url":"https:\/\/augstudy.com\/vi\/vcard\/malaysia-2\/james-kon\/","og_site_name":"AUG Student Services","article_publisher":"https:\/\/www.facebook.com\/augmalaysia\/","article_modified_time":"2024-06-28T06:55:54+00:00","og_image":[{"width":500,"height":500,"url":"https:\/\/augstudy.com\/aug-website-files\/wp-content\/uploads\/2023\/10\/aug_vcard_james_kon_500x500.png","type":"image\/png"}],"twitter_card":"summary_large_image","twitter_misc":{"\u01af\u1edbc t\u00ednh th\u1eddi gian \u0111\u1ecdc":"1 ph\u00fat"},"schema":{"@context":"https:\/\/schema.org","@graph":[{"@type":"WebPage","@id":"https:\/\/augstudy.com\/vcard\/malaysia\/james-kon\/","url":"https:\/\/augstudy.com\/vcard\/malaysia\/james-kon\/","name":"James Kon - AUG Student Services","isPartOf":{"@id":"https:\/\/augstudy.com\/#website"},"primaryImageOfPage":{"@id":"https:\/\/augstudy.com\/vcard\/malaysia\/james-kon\/#primaryimage"},"image":{"@id":"https:\/\/augstudy.com\/vcard\/malaysia\/james-kon\/#primaryimage"},"thumbnailUrl":"https:\/\/augstudy.com\/aug-website-files\/wp-content\/uploads\/2023\/10\/aug_vcard_james_kon_500x500.png","datePublished":"2020-08-18T03:09:14+00:00","dateModified":"2024-06-28T06:55:54+00:00","description":"James l\u00e0 Gi\u00e1m \u0111\u1ed1c khu v\u1ef1c c\u1ee7a AUG Global. \u00d4ng mang \u0111\u1ebfn g\u1ea7n hai th\u1eadp k\u1ef7 kinh nghi\u1ec7m qu\u00fd b\u00e1u trong ng\u00e0nh gi\u00e1o d\u1ee5c. V\u1edbi con m\u1eaft nh\u1ea1y b\u00e9n v\u1ec1 ph\u00e1t tri\u1ec3n chi\u1ebfn l\u01b0\u1ee3c v\u00e0 t\u00e0i n\u0103ng l\u00e3nh \u0111\u1ea1o c\u00e1c nh\u00f3m th\u00e0nh c\u00f4ng, \u00f4ng \u0111\u00e3 gi\u00e1m s\u00e1t s\u1ef1 ph\u00e1t tri\u1ec3n ho\u1ea1t \u0111\u1ed9ng c\u1ee7a AUG tr\u00ean 8 qu\u1ed1c gia, qu\u1ea3n l\u00fd m\u1ea1ng l\u01b0\u1edbi 26 v\u0103n ph\u00f2ng v\u1edbi \u0111\u1ed9i ng\u0169 nh\u00e2n vi\u00ean h\u01a1n 150 chuy\u00ean gia.","breadcrumb":{"@id":"https:\/\/augstudy.com\/vcard\/malaysia\/james-kon\/#breadcrumb"},"inLanguage":"vi","potentialAction":[{"@type":"ReadAction","target":["https:\/\/augstudy.com\/vcard\/malaysia\/james-kon\/"]}]},{"@type":"ImageObject","inLanguage":"vi","@id":"https:\/\/augstudy.com\/vcard\/malaysia\/james-kon\/#primaryimage","url":"https:\/\/augstudy.com\/aug-website-files\/wp-content\/uploads\/2023\/10\/aug_vcard_james_kon_500x500.png","contentUrl":"https:\/\/augstudy.com\/aug-website-files\/wp-content\/uploads\/2023\/10\/aug_vcard_james_kon_500x500.png","width":500,"height":500},{"@type":"BreadcrumbList","@id":"https:\/\/augstudy.com\/vcard\/malaysia\/james-kon\/#breadcrumb","itemListElement":[{"@type":"ListItem","position":1,"name":"Home","item":"https:\/\/augstudy.com\/"},{"@type":"ListItem","position":2,"name":"vCard","item":"https:\/\/augstudy.com\/vcard\/"},{"@type":"ListItem","position":3,"name":"vCard &#8211; Malaysia","item":"https:\/\/augstudy.com\/vcard\/malaysia\/"},{"@type":"ListItem","position":4,"name":"James Kon"}]},{"@type":"WebSite","@id":"https:\/\/augstudy.com\/#website","url":"https:\/\/augstudy.com\/","name":"D\u1ecbch v\u1ee5 Sinh vi\u00ean AUG","description":"D\u1ecbch v\u1ee5 sinh vi\u00ean","alternateName":"AUG Global","potentialAction":[{"@type":"SearchAction","target":{"@type":"EntryPoint","urlTemplate":"https:\/\/augstudy.com\/?s={search_term_string}"},"query-input":{"@type":"PropertyValueSpecification","valueRequired":true,"valueName":"search_term_string"}}],"inLanguage":"vi"}]}},"_links":{"self":[{"href":"https:\/\/augstudy.com\/vi\/wp-json\/wp\/v2\/pages\/105713","targetHints":{"allow":["GET"]}}],"collection":[{"href":"https:\/\/augstudy.com\/vi\/wp-json\/wp\/v2\/pages"}],"about":[{"href":"https:\/\/augstudy.com\/vi\/wp-json\/wp\/v2\/types\/page"}],"author":[{"embeddable":true,"href":"https:\/\/augstudy.com\/vi\/wp-json\/wp\/v2\/users\/4"}],"replies":[{"embeddable":true,"href":"https:\/\/augstudy.com\/vi\/wp-json\/wp\/v2\/comments?post=105713"}],"version-history":[{"count":0,"href":"https:\/\/augstudy.com\/vi\/wp-json\/wp\/v2\/pages\/105713\/revisions"}],"up":[{"embeddable":true,"href":"https:\/\/augstudy.com\/vi\/wp-json\/wp\/v2\/pages\/105664"}],"wp:featuredmedia":[{"embeddable":true,"href":"https:\/\/augstudy.com\/vi\/wp-json\/wp\/v2\/media\/386096"}],"wp:attachment":[{"href":"https:\/\/augstudy.com\/vi\/wp-json\/wp\/v2\/media?parent=105713"}],"curies":[{"name":"wp","href":"https:\/\/api.w.org\/{rel}","templated":true}]}}