{"id":102918,"date":"2020-08-11T16:02:57","date_gmt":"2020-08-11T06:02:57","guid":{"rendered":"https:\/\/augstudy.com\/?page_id=102918"},"modified":"2025-08-18T18:20:18","modified_gmt":"2025-08-18T08:20:18","slug":"scape","status":"publish","type":"page","link":"https:\/\/augstudy.com\/vi\/guide\/student-accommodation\/scape\/","title":{"rendered":"h\u00ecnh d\u1ea1ng"},"content":{"rendered":"<div class=\"vc_row wpb_row vc_row-fluid aug_margin_top_30\"><div class=\"aug_float_right_important aug_content_left_border wpb_column vc_column_container vc_col-sm-8\"><div class=\"vc_column-inner\"><div class=\"wpb_wrapper\">\n\t<div class=\"wpb_text_column wpb_content_element  aug_content_box\">\n\t\t<div class=\"wpb_wrapper\">\n\t\t\t<h1>h\u00ecnh d\u1ea1ng<\/h1>\n<div style=\"background-color:; height: 20px;\" class=\"nicdark_section\"><\/div>\n<p><img decoding=\"async\" class=\"aligncenter\" src=\"\/aug-website-files\/wp-content\/uploads\/2022\/05\/guide_studentaccommodation_scape_620x525.jpg\" width=\"100%\" \/><\/p>\n<div style=\"background-color:; height: 15px;\" class=\"nicdark_section\"><\/div>\n<p>Scape chuy\u00ean ph\u00e1t tri\u1ec3n v\u00e0 v\u1eadn h\u00e0nh ch\u1ed7 \u1edf d\u00e0nh cho sinh vi\u00ean \u0111\u01b0\u1ee3c x\u00e2y d\u1ef1ng c\u00f3 m\u1ee5c \u0111\u00edch, cung c\u1ea5p nhi\u1ec1u h\u01a1n m\u1ed9t n\u01a1i \u0111\u1ec3 \u1edf. N\u1ec1n v\u0103n h\u00f3a \u0111\u1eb7t con ng\u01b0\u1eddi l\u00ean h\u00e0ng \u0111\u1ea7u \u0111\u1ecbnh h\u00ecnh c\u1ed9ng \u0111\u1ed3ng sinh vi\u00ean s\u00f4i \u0111\u1ed9ng, th\u00e2n thi\u1ec7n v\u00e0 phong ph\u00fa, \u0111\u01b0\u1ee3c thi\u1ebft k\u1ebf \u0111\u1eb7c bi\u1ec7t cho s\u1edf th\u00edch c\u1ee7a sinh vi\u00ean ng\u00e0y nay.<\/p>\n<div style=\"background-color:; height: 15px;\" class=\"nicdark_section\"><\/div>\n<p>V\u0103n h\u00f3a n\u00e0y t\u1ea1o c\u01a1 h\u1ed9i cho nh\u00e2n vi\u00ean c\u1ee7a h\u1ecd x\u00e2y d\u1ef1ng k\u1ef9 n\u0103ng, kh\u00e1m ph\u00e1 ti\u1ec1m n\u0103ng c\u1ee7a h\u1ecd v\u00e0 t\u1eeb \u0111\u00f3 \u0111\u1ea3m b\u1ea3o r\u1eb1ng ch\u00fang t\u00f4i \u0111\u00e1p \u1ee9ng \u0111\u01b0\u1ee3c nh\u1eefng k\u1ef3 v\u1ecdng cao. V\u1edbi ni\u1ec1m \u0111am m\u00ea v\u1ec1 s\u1ef1 xu\u1ea5t s\u1eafc v\u00e0 th\u00e1i \u0111\u1ed9 c\u00f3 th\u1ec3 l\u00e0m \u0111\u01b0\u1ee3c, nh\u00f3m c\u1ee7a ch\u00fang t\u00f4i \u0111\u01b0\u1ee3c t\u1ea1o ra t\u1eeb r\u1ea5t nhi\u1ec1u \u0111i\u1ec1u, ph\u1ea5n \u0111\u1ea5u m\u1ed7i ng\u00e0y \u0111\u1ec3 h\u1ed7 tr\u1ee3 c\u01b0 d\u00e2n c\u1ee7a ch\u00fang t\u00f4i trong su\u1ed1t th\u1eddi gian h\u1ecd l\u00e0m vi\u1ec7c v\u1edbi Scape.<\/p>\n<div style=\"background-color:; height: 20px;\" class=\"nicdark_section\"><\/div>\n<h4>MELBOURNE, VIC<\/h4>\n<p><b>V\u1ecb tr\u00ed:<\/b><\/p>\n<ol>\n<li>SCAPE LA TROBE<\/li>\n<li>B\u00f3c v\u1ecf<\/li>\n<li>SCAPE CARLTON<\/li>\n<li>H\u00ccNH \u1ea2NH FRANKLIN<\/li>\n<li>TR\u01af\u1edcNG CAO C\u1ea4P SCAPE LINCOLN<\/li>\n<li>SCAPE SWANSTON<\/li>\n<li>H\u00ccNH \u1ea2NH BERKELEY 1<\/li>\n<li>H\u00ccNH \u1ea2NH BERKELEY 2<\/li>\n<li>TRUNG T\u00c2M MELBOURNE<\/li>\n<li>QU\u1ea2NG C\u00c1O QUEENBERRY<\/li>\n<li>SCAPE LEICESTER<\/li>\n<li>SCAPE VICTORIA STREET<\/li>\n<li>SCAPE AURORA<\/li>\n<li>SCAPE UNI SQUARE<\/li>\n<li>SCAPE CORNELL PLACE<\/li>\n<\/ol>\n<p>Nh\u01b0 nh\u00f3m c\u1ee7a h\u1ecd mu\u1ed1n n\u00f3i, s\u1ed1ng t\u1ea1i Scape &#039;gi\u1ed1ng nh\u01b0 m\u1ed9t c\u00e1i \u00f4m t\u1eeb m\u1eb9!&#039;. V\u1edbi m\u1ed9t s\u1ed1 qu\u00e1n c\u00e0 ph\u00ea, c\u00f4ng vi\u00ean v\u00e0 c\u1eeda h\u00e0ng t\u1ed1t nh\u1ea5t trong th\u00e0nh ph\u1ed1 \u0111\u1ec1u n\u1eb1m trong kho\u1ea3ng c\u00e1ch \u0111i b\u1ed9, kh\u00f4ng c\u00f3 g\u00ec gi\u1ed1ng nh\u01b0 s\u1ed1ng \u1edf Scape.<\/p>\n<div style=\"background-color:; height: 20px;\" class=\"nicdark_section\"><\/div><br \/>\n<div class=\"vc_row wpb_row vc_inner vc_row-fluid\"><div class=\"wpb_column vc_column_container vc_col-sm-6\"><div class=\"vc_column-inner\"><div class=\"wpb_wrapper\">\n\t<div class=\"wpb_single_image wpb_content_element vc_align_center\">\n\t\t\n\t\t<figure class=\"wpb_wrapper vc_figure\">\n\t\t\t<div class=\"vc_single_image-wrapper vc_box_shadow  vc_box_border_grey\"><img loading=\"lazy\" decoding=\"async\" width=\"300\" height=\"300\" src=\"https:\/\/augstudy.com\/aug-website-files\/wp-content\/uploads\/2022\/05\/guide_studentaccommodation_scape_1_300x300.jpg\" class=\"vc_single_image-img attachment-full\" alt=\"\" srcset=\"https:\/\/augstudy.com\/aug-website-files\/wp-content\/uploads\/2022\/05\/guide_studentaccommodation_scape_1_300x300.jpg 300w, https:\/\/augstudy.com\/aug-website-files\/wp-content\/uploads\/2022\/05\/guide_studentaccommodation_scape_1_300x300-150x150.jpg 150w\" sizes=\"auto, (max-width: 300px) 100vw, 300px\" \/><\/div>\n\t\t<\/figure>\n\t<\/div>\n<\/div><\/div><\/div><div class=\"wpb_column vc_column_container vc_col-sm-6\"><div class=\"vc_column-inner\"><div class=\"wpb_wrapper\">\n\t<div class=\"wpb_single_image wpb_content_element vc_align_center   nd_options_margin_top_20_responsive\">\n\t\t\n\t\t<figure class=\"wpb_wrapper vc_figure\">\n\t\t\t<div class=\"vc_single_image-wrapper vc_box_shadow  vc_box_border_grey\"><img loading=\"lazy\" decoding=\"async\" width=\"300\" height=\"300\" src=\"https:\/\/augstudy.com\/aug-website-files\/wp-content\/uploads\/2022\/05\/guide_studentaccommodation_scape_2_300x300.jpg\" class=\"vc_single_image-img attachment-full\" alt=\"\" srcset=\"https:\/\/augstudy.com\/aug-website-files\/wp-content\/uploads\/2022\/05\/guide_studentaccommodation_scape_2_300x300.jpg 300w, https:\/\/augstudy.com\/aug-website-files\/wp-content\/uploads\/2022\/05\/guide_studentaccommodation_scape_2_300x300-150x150.jpg 150w\" sizes=\"auto, (max-width: 300px) 100vw, 300px\" \/><\/div>\n\t\t<\/figure>\n\t<\/div>\n<\/div><\/div><\/div><\/div><br \/>\n<div style=\"background-color:; height: 20px;\" class=\"nicdark_section\"><\/div>\n<h4>SYDNEY, NSW<\/h4>\n<p><b>V\u1ecb tr\u00ed:<\/b><\/p>\n<ol>\n<li>SCAPE ABERCROMBIE<\/li>\n<li>H\u00ccNH \u1ea2NH DARLINGTON<\/li>\n<li>GI\u1ea2M GI\u00c1 SCAPE<\/li>\n<li>QUAY C\u1ea2NH<\/li>\n<li>SCAPE CLEVELAND<\/li>\n<li>NG\u00d4I NH\u00c0 Y\u00caU SCAPE<\/li>\n<li>QU\u1ea2NG TR\u01af\u1edcNG DARLING<\/li>\n<li>SCAPE GLEBE<\/li>\n<li>TRUNG T\u00c2M SYDNEY<\/li>\n<li>SCAPE T\u1ea0I \u0110\u1ea0I H\u1eccC SYDNEY<\/li>\n<li>GI\u1edaI THI\u1ec6U x SCAPE<\/li>\n<li>BROADWAY x SCAPE<\/li>\n<li>N\u00daI x SCAPE<\/li>\n<li>SCAPE KINGSFORD<\/li>\n<li>SCAPE KENSINGTON<\/li>\n<\/ol>\n<p>T\u1eadn h\u01b0\u1edfng kh\u00f4ng kh\u00ed trong l\u00e0nh t\u1ea1i Sydney \u2013 Scape ch\u1eafc ch\u1eafn s\u1ebd mang \u0111\u1ebfn cho b\u1ea1n t\u00ecnh b\u1ea1n l\u00e2u d\u00e0i v\u1edbi c\u00e1c sinh vi\u00ean t\u1eeb kh\u1eafp n\u01a1i tr\u00ean th\u1ebf gi\u1edbi.<\/p>\n<div style=\"background-color:; height: 20px;\" class=\"nicdark_section\"><\/div><br \/>\n<div class=\"vc_row wpb_row vc_inner vc_row-fluid\"><div class=\"wpb_column vc_column_container vc_col-sm-6\"><div class=\"vc_column-inner\"><div class=\"wpb_wrapper\">\n\t<div class=\"wpb_single_image wpb_content_element vc_align_center\">\n\t\t\n\t\t<figure class=\"wpb_wrapper vc_figure\">\n\t\t\t<div class=\"vc_single_image-wrapper vc_box_shadow  vc_box_border_grey\"><img loading=\"lazy\" decoding=\"async\" width=\"300\" height=\"300\" src=\"https:\/\/augstudy.com\/aug-website-files\/wp-content\/uploads\/2022\/05\/guide_studentaccommodation_scape_3_300x300.jpg\" class=\"vc_single_image-img attachment-full\" alt=\"\" srcset=\"https:\/\/augstudy.com\/aug-website-files\/wp-content\/uploads\/2022\/05\/guide_studentaccommodation_scape_3_300x300.jpg 300w, https:\/\/augstudy.com\/aug-website-files\/wp-content\/uploads\/2022\/05\/guide_studentaccommodation_scape_3_300x300-150x150.jpg 150w\" sizes=\"auto, (max-width: 300px) 100vw, 300px\" \/><\/div>\n\t\t<\/figure>\n\t<\/div>\n<\/div><\/div><\/div><div class=\"wpb_column vc_column_container vc_col-sm-6\"><div class=\"vc_column-inner\"><div class=\"wpb_wrapper\">\n\t<div class=\"wpb_single_image wpb_content_element vc_align_center   nd_options_margin_top_20_responsive\">\n\t\t\n\t\t<figure class=\"wpb_wrapper vc_figure\">\n\t\t\t<div class=\"vc_single_image-wrapper vc_box_shadow  vc_box_border_grey\"><img loading=\"lazy\" decoding=\"async\" width=\"300\" height=\"300\" src=\"https:\/\/augstudy.com\/aug-website-files\/wp-content\/uploads\/2022\/05\/guide_studentaccommodation_scape_4_300x300.jpg\" class=\"vc_single_image-img attachment-full\" alt=\"\" srcset=\"https:\/\/augstudy.com\/aug-website-files\/wp-content\/uploads\/2022\/05\/guide_studentaccommodation_scape_4_300x300.jpg 300w, https:\/\/augstudy.com\/aug-website-files\/wp-content\/uploads\/2022\/05\/guide_studentaccommodation_scape_4_300x300-150x150.jpg 150w\" sizes=\"auto, (max-width: 300px) 100vw, 300px\" \/><\/div>\n\t\t<\/figure>\n\t<\/div>\n<\/div><\/div><\/div><\/div><br \/>\n<div style=\"background-color:; height: 20px;\" class=\"nicdark_section\"><\/div>\n<h4>ADELAIDE, SA<\/h4>\n<p><b>V\u1ecb tr\u00ed:<\/b><\/p>\n<ol>\n<li>V\u00d2NG C\u00c1CH MI\u1ec6NG<\/li>\n<li>SCAPE TRUNG T\u00c2M ADELAIDE (UNISA)<\/li>\n<li>SCAPE ADELAIDE UNIVERSITY<\/li>\n<\/ol>\n<p>B\u1ea1n s\u1ebd c\u1ea3m th\u1ea5y nh\u01b0 \u1edf nh\u00e0 trong c\u1ed9ng \u0111\u1ed3ng g\u1eafn b\u00f3 n\u00e0y, cho ph\u00e9p b\u1ea1n ph\u1ea5n \u0111\u1ea5u trong qu\u00e1 tr\u00ecnh h\u1ecdc t\u1eadp t\u1ea1i Adelaide. H\u00e3y n\u1ebfm th\u1eed khung c\u1ea3nh nh\u00e0 h\u00e0ng \u0111\u1ecba ph\u01b0\u01a1ng s\u00f4i \u0111\u1ed9ng, \u0111i b\u1ed9 \u0111\u1ebfn tr\u01b0\u1eddng \u0111\u1ea1i h\u1ecdc ho\u1eb7c b\u1eaft xe \u0111i\u1ec7n \u0111\u1ec3 gh\u00e9 th\u0103m Ch\u1ee3 trung t\u00e2m Adelaide mang t\u00ednh bi\u1ec3u t\u01b0\u1ee3ng, m\u1ed9t trung t\u00e2m quy\u1ebfn r\u0169 v\u1edbi \u0111\u1ea7y \u0111\u1ee7 c\u00e1c m\u00f3n \u0103n qu\u1ed1c t\u1ebf v\u00e0 s\u1ea3n ph\u1ea9m t\u01b0\u01a1i s\u1ed1ng.<\/p>\n<div style=\"background-color:; height: 20px;\" class=\"nicdark_section\"><\/div><br \/>\n<div class=\"vc_row wpb_row vc_inner vc_row-fluid\"><div class=\"wpb_column vc_column_container vc_col-sm-6\"><div class=\"vc_column-inner\"><div class=\"wpb_wrapper\">\n\t<div class=\"wpb_single_image wpb_content_element vc_align_center\">\n\t\t\n\t\t<figure class=\"wpb_wrapper vc_figure\">\n\t\t\t<div class=\"vc_single_image-wrapper vc_box_shadow  vc_box_border_grey\"><img loading=\"lazy\" decoding=\"async\" width=\"300\" height=\"300\" src=\"https:\/\/augstudy.com\/aug-website-files\/wp-content\/uploads\/2022\/05\/guide_studentaccommodation_scape_5_300x300.jpg\" class=\"vc_single_image-img attachment-full\" alt=\"\" srcset=\"https:\/\/augstudy.com\/aug-website-files\/wp-content\/uploads\/2022\/05\/guide_studentaccommodation_scape_5_300x300.jpg 300w, https:\/\/augstudy.com\/aug-website-files\/wp-content\/uploads\/2022\/05\/guide_studentaccommodation_scape_5_300x300-150x150.jpg 150w\" sizes=\"auto, (max-width: 300px) 100vw, 300px\" \/><\/div>\n\t\t<\/figure>\n\t<\/div>\n<\/div><\/div><\/div><div class=\"wpb_column vc_column_container vc_col-sm-6\"><div class=\"vc_column-inner\"><div class=\"wpb_wrapper\">\n\t<div class=\"wpb_single_image wpb_content_element vc_align_center   nd_options_margin_top_20_responsive\">\n\t\t\n\t\t<figure class=\"wpb_wrapper vc_figure\">\n\t\t\t<div class=\"vc_single_image-wrapper vc_box_shadow  vc_box_border_grey\"><img loading=\"lazy\" decoding=\"async\" width=\"300\" height=\"300\" src=\"https:\/\/augstudy.com\/aug-website-files\/wp-content\/uploads\/2020\/08\/guide_studentaccommodation_urbanest_6_300x300.jpg\" class=\"vc_single_image-img attachment-full\" alt=\"\" srcset=\"https:\/\/augstudy.com\/aug-website-files\/wp-content\/uploads\/2020\/08\/guide_studentaccommodation_urbanest_6_300x300.jpg 300w, https:\/\/augstudy.com\/aug-website-files\/wp-content\/uploads\/2020\/08\/guide_studentaccommodation_urbanest_6_300x300-150x150.jpg 150w\" sizes=\"auto, (max-width: 300px) 100vw, 300px\" \/><\/div>\n\t\t<\/figure>\n\t<\/div>\n<\/div><\/div><\/div><\/div><br \/>\n<div style=\"background-color:; height: 20px;\" class=\"nicdark_section\"><\/div>\n<h4>BRISBANE, QLD<\/h4>\n<p><b>V\u1ecb tr\u00ed:<\/b><\/p>\n<ol>\n<li>SCAPE MERIVALE<\/li>\n<li>\u0110\u1ecaA CH\u1ec8<\/li>\n<li>SCAPE ST LUCIA<\/li>\n<li>NG\u00c2N H\u00c0NG SCAPE SOUTH<\/li>\n<li>H\u00ccNH TH\u1ee8C TOOWONG<\/li>\n<li>SCAPE TRIBUNE<\/li>\n<\/ol>\n<p>Tinh th\u1ea7n c\u1ed9ng \u0111\u1ed3ng l\u00e0 nh\u1eefng g\u00ec b\u1ea1n s\u1ebd t\u00ecm th\u1ea5y \u1edf Scape South Bank. V\u1edbi kho\u1ea3ng s\u00e2n r\u1ee3p b\u00f3ng c\u00e2y xinh \u0111\u1eb9p, du kh\u00e1ch c\u00f3 th\u1ec3 t\u1eadn h\u01b0\u1edfng th\u00e0nh ph\u1ed1, c\u00f4ng vi\u00ean v\u00e0 b\u00e3i bi\u1ec3n South Bank ngay t\u1eeb ng\u01b0\u1ee1ng c\u1eeda n\u01a1i ngh\u1ec9. T\u1ecda l\u1ea1c t\u1ea1i trung t\u00e2m sinh vi\u00ean m\u1edbi nh\u1ea5t c\u1ee7a Brisbane, b\u1ea1n s\u1ebd c\u00f3 \u0111\u01b0\u1ee3c nh\u1eefng \u0111i\u1ec1u t\u1ed1t nh\u1ea5t c\u1ee7a Brisbane khi s\u1ed1ng \u1edf \u0111\u00e2y.<\/p>\n<div style=\"background-color:; height: 20px;\" class=\"nicdark_section\"><\/div>\n<h3>Li\u00ean h\u1ec7 <span style=\"text-decoration: underline;\"><a href=\"\/vi\/lien-he-2\/\" target=\"_blank\" rel=\"noopener noreferrer\">V\u0103n ph\u00f2ng AUG g\u1ea7n nh\u1ea5t<\/a><\/span> ngay b\u00e2y gi\u1edd, \u0111\u1ec3 \u0111\u1eb7t m\u1ed9t chuy\u1ebfn tham quan mi\u1ec5n ph\u00ed v\u1edbi ch\u00fang t\u00f4i.<\/h3>\n<div style=\"background-color:; height: 20px;\" class=\"nicdark_section\"><\/div>\n\n\t\t<\/div>\n\t<\/div>\n<\/div><\/div><\/div><div class=\"guide_right_content wpb_column vc_column_container vc_col-sm-4\"><div class=\"vc_column-inner\"><div class=\"wpb_wrapper\"><div class='aug_guide_left_menu course_guide nd_options_text_align_center_all_iphone'><h4 class='aug_left_menu_heading nd_options_margin_top_20'>Ch\u1ed7 \u1edf sinh vi\u00ean<\/h4><div class='aug_menu_arrow_preview' >\n\t\t\t<div class='aug_menu_arrow'><\/div>\n\t\t\t<div id='aug_left_menu_107' class='migration_menu aug_left_menu_item'>\n\t\t\t\t<a href='\/vi\/huong-dan\/cho-o-sinh-vien\/khuon-vien-truong-perth\/'>C\u01a1 s\u1edf Perth<\/a>\n\t\t\t<\/div>\n\t\t  <\/div><div class='aug_menu_arrow_preview' >\n\t\t\t<div class='aug_menu_arrow'><\/div>\n\t\t\t<div id='aug_left_menu_102' class='migration_menu aug_left_menu_item'>\n\t\t\t\t<a href='\/vi\/huong-dan\/cho-o-sinh-vien\/iglu\/'>Iglu<\/a>\n\t\t\t<\/div>\n\t\t  <\/div><div class='aug_menu_arrow_preview' >\n\t\t\t<div class='aug_menu_arrow'><\/div>\n\t\t\t<div id='aug_left_menu_104' class='migration_menu aug_left_menu_item'>\n\t\t\t\t<a href='\/vi\/huong-dan\/cho-o-sinh-vien\/tap-chi-cuoc-song-sinh-vien\/'>T\u1ea1p ch\u00ed cu\u1ed9c s\u1ed1ng sinh vi\u00ean<\/a>\n\t\t\t<\/div>\n\t\t  <\/div><div class='aug_menu_arrow_preview' >\n\t\t\t<div class='aug_menu_arrow'><\/div>\n\t\t\t<div id='aug_left_menu_108' class='migration_menu aug_left_menu_item'>\n\t\t\t\t<a href='\/vi\/huong-dan\/cho-o-sinh-vien\/scape\/'>h\u00ecnh d\u1ea1ng<\/a>\n\t\t\t<\/div>\n\t\t  <\/div><div class='aug_menu_arrow_preview' >\n\t\t\t<div class='aug_menu_arrow'><\/div>\n\t\t\t<div id='aug_left_menu_101' class='migration_menu aug_left_menu_item'>\n\t\t\t\t<a href='\/vi\/huong-dan\/cho-o-sinh-vien\/sinh-vien-mot\/'>Sinh vi\u00ean M\u1ed9t<\/a>\n\t\t\t<\/div>\n\t\t  <\/div><div class='aug_menu_arrow_preview' >\n\t\t\t<div class='aug_menu_arrow'><\/div>\n\t\t\t<div id='aug_left_menu_106' class='migration_menu aug_left_menu_item'>\n\t\t\t\t<a href='\/vi\/huong-dan\/cho-o-sinh-vien\/cong-ty-nha-o-sinh-vien\/'>C\u00f4ng ty Nh\u00e0 \u1edf Sinh vi\u00ean<\/a>\n\t\t\t<\/div>\n\t\t  <\/div><div class='aug_menu_arrow_preview' >\n\t\t\t<div class='aug_menu_arrow'><\/div>\n\t\t\t<div id='aug_left_menu_105' class='migration_menu aug_left_menu_item'>\n\t\t\t\t<a href='\/vi\/huong-dan\/cho-o-sinh-vien\/don-phuong\/'>UniLodge<\/a>\n\t\t\t<\/div>\n\t\t  <\/div><div class='aug_menu_arrow_preview' >\n\t\t\t<div class='aug_menu_arrow'><\/div>\n\t\t\t<div id='aug_left_menu_109' class='migration_menu aug_left_menu_item'>\n\t\t\t\t<a href='\/vi\/huong-dan\/cho-o-sinh-vien\/campus-living-villages\/'>Campus Living Villages<\/a>\n\t\t\t<\/div>\n\t\t  <\/div><img class='aug_live_chat aug_mascot' src='\/aug-website-files\/images\/menu\/got_question_white_356px.png' alt='Linh v\u1eadt AUG - B\u1ea1n c\u00f3 c\u00e2u h\u1ecfi?' \/><\/div>\n\t\t<script type='text\/javascript'>\n\t\t\ttry {\n\t\t\t\tjQuery('#aug_left_menu_108').addClass( 'menu_selected' );\n\t\t\t\tjQuery('#aug_left_menu_108').prev().addClass( 'aug_menu_arrow_showed');\n\t\t\t\tjQuery('.aug_menu_select').val('{selection_group}');\n\t\t\t\tvar selection = '108';\n\t\t\t\tif ( selection.length >= 4 ) {\n\t\t\t\t\tvar parent_menu = selection.substring(0,3);\n\t\t\t\t\tjQuery('#aug_left_menu_' + parent_menu).addClass( 'menu_selected' );\n\t\t\t\t}\n\t\t\t} catch(error) {}\n\t\t<\/script>\n\t<\/div><\/div><\/div><\/div>","protected":false},"excerpt":{"rendered":"Scape Scape specialises in developing and operating purpose-built student accommodation that provides so much more than a place to stay. A people-first culture shapes their vibrant, welcoming and enriching student communities, specifically designed for today's student preferences. This culture creates opportunities for their employees to build their skills, explore their potential and, in turn, ensure [...]","protected":false},"author":4,"featured_media":0,"parent":89147,"menu_order":8,"comment_status":"closed","ping_status":"closed","template":"","meta":{"footnotes":""},"class_list":["post-102918","page","type-page","status-publish","hentry"],"yoast_head":"<!-- This site is optimized with the Yoast SEO Premium plugin v27.0 (Yoast SEO v27.3) - https:\/\/yoast.com\/product\/yoast-seo-premium-wordpress\/ -->\n<title>Scape - AUG Student Services<\/title>\n<meta name=\"description\" content=\"Free counselling for university selection, scholarships and visa applications. Let AUG Student Services fast-track your study-abroad journey today.\" \/>\n<meta name=\"robots\" content=\"index, follow, max-snippet:-1, max-image-preview:large, max-video-preview:-1\" \/>\n<link rel=\"canonical\" href=\"https:\/\/augstudy.com\/vi\/huong-dan\/cho-o-sinh-vien\/scape\/\" \/>\n<meta property=\"og:locale\" content=\"vi_VN\" \/>\n<meta property=\"og:type\" content=\"article\" \/>\n<meta property=\"og:title\" content=\"Scape\" \/>\n<meta property=\"og:description\" content=\"Free counselling for university selection, scholarships and visa applications. Let AUG Student Services fast-track your study-abroad journey today.\" \/>\n<meta property=\"og:url\" content=\"https:\/\/augstudy.com\/vi\/huong-dan\/cho-o-sinh-vien\/scape\/\" \/>\n<meta property=\"og:site_name\" content=\"AUG Student Services\" \/>\n<meta property=\"article:publisher\" content=\"https:\/\/www.facebook.com\/augmalaysia\/\" \/>\n<meta property=\"article:modified_time\" content=\"2025-08-18T08:20:18+00:00\" \/>\n<meta name=\"twitter:card\" content=\"summary_large_image\" \/>\n<meta name=\"twitter:label1\" content=\"\u01af\u1edbc t\u00ednh th\u1eddi gian \u0111\u1ecdc\" \/>\n\t<meta name=\"twitter:data1\" content=\"3 ph\u00fat\" \/>\n<script type=\"application\/ld+json\" class=\"yoast-schema-graph\">{\"@context\":\"https:\\\/\\\/schema.org\",\"@graph\":[{\"@type\":\"WebPage\",\"@id\":\"https:\\\/\\\/augstudy.com\\\/guide\\\/student-accommodation\\\/scape\\\/\",\"url\":\"https:\\\/\\\/augstudy.com\\\/guide\\\/student-accommodation\\\/scape\\\/\",\"name\":\"Scape - AUG Student Services\",\"isPartOf\":{\"@id\":\"https:\\\/\\\/augstudy.com\\\/#website\"},\"datePublished\":\"2020-08-11T06:02:57+00:00\",\"dateModified\":\"2025-08-18T08:20:18+00:00\",\"description\":\"Free counselling for university selection, scholarships and visa applications. Let AUG Student Services fast-track your study-abroad journey today.\",\"breadcrumb\":{\"@id\":\"https:\\\/\\\/augstudy.com\\\/guide\\\/student-accommodation\\\/scape\\\/#breadcrumb\"},\"inLanguage\":\"vi\",\"potentialAction\":[{\"@type\":\"ReadAction\",\"target\":[\"https:\\\/\\\/augstudy.com\\\/guide\\\/student-accommodation\\\/scape\\\/\"]}]},{\"@type\":\"BreadcrumbList\",\"@id\":\"https:\\\/\\\/augstudy.com\\\/guide\\\/student-accommodation\\\/scape\\\/#breadcrumb\",\"itemListElement\":[{\"@type\":\"ListItem\",\"position\":1,\"name\":\"Home\",\"item\":\"https:\\\/\\\/augstudy.com\\\/\"},{\"@type\":\"ListItem\",\"position\":2,\"name\":\"Guide\",\"item\":\"https:\\\/\\\/augstudy.com\\\/guide\\\/\"},{\"@type\":\"ListItem\",\"position\":3,\"name\":\"Student Accommodation\",\"item\":\"https:\\\/\\\/augstudy.com\\\/guide\\\/student-accommodation\\\/\"},{\"@type\":\"ListItem\",\"position\":4,\"name\":\"Scape\"}]},{\"@type\":\"WebSite\",\"@id\":\"https:\\\/\\\/augstudy.com\\\/#website\",\"url\":\"https:\\\/\\\/augstudy.com\\\/\",\"name\":\"AUG Student Services\",\"description\":\"Student Services\",\"alternateName\":\"AUG Global\",\"potentialAction\":[{\"@type\":\"SearchAction\",\"target\":{\"@type\":\"EntryPoint\",\"urlTemplate\":\"https:\\\/\\\/augstudy.com\\\/?s={search_term_string}\"},\"query-input\":{\"@type\":\"PropertyValueSpecification\",\"valueRequired\":true,\"valueName\":\"search_term_string\"}}],\"inLanguage\":\"vi\"}]}<\/script>\n<!-- \/ Yoast SEO Premium plugin. -->","yoast_head_json":{"title":"Scape - AUG Student Services","description":"T\u01b0 v\u1ea5n mi\u1ec5n ph\u00ed v\u1ec1 ch\u1ecdn tr\u01b0\u1eddng \u0111\u1ea1i h\u1ecdc, h\u1ecdc b\u1ed5ng v\u00e0 xin th\u1ecb th\u1ef1c. H\u00e3y \u0111\u1ec3 D\u1ecbch v\u1ee5 Sinh vi\u00ean AUG gi\u00fap b\u1ea1n nhanh ch\u00f3ng ho\u00e0n th\u00e0nh h\u00e0nh tr\u00ecnh du h\u1ecdc ngay h\u00f4m nay.","robots":{"index":"index","follow":"follow","max-snippet":"max-snippet:-1","max-image-preview":"max-image-preview:large","max-video-preview":"max-video-preview:-1"},"canonical":"https:\/\/augstudy.com\/vi\/huong-dan\/cho-o-sinh-vien\/scape\/","og_locale":"vi_VN","og_type":"article","og_title":"Scape","og_description":"Free counselling for university selection, scholarships and visa applications. Let AUG Student Services fast-track your study-abroad journey today.","og_url":"https:\/\/augstudy.com\/vi\/huong-dan\/cho-o-sinh-vien\/scape\/","og_site_name":"AUG Student Services","article_publisher":"https:\/\/www.facebook.com\/augmalaysia\/","article_modified_time":"2025-08-18T08:20:18+00:00","twitter_card":"summary_large_image","twitter_misc":{"\u01af\u1edbc t\u00ednh th\u1eddi gian \u0111\u1ecdc":"3 ph\u00fat"},"schema":{"@context":"https:\/\/schema.org","@graph":[{"@type":"WebPage","@id":"https:\/\/augstudy.com\/guide\/student-accommodation\/scape\/","url":"https:\/\/augstudy.com\/guide\/student-accommodation\/scape\/","name":"Scape - AUG Student Services","isPartOf":{"@id":"https:\/\/augstudy.com\/#website"},"datePublished":"2020-08-11T06:02:57+00:00","dateModified":"2025-08-18T08:20:18+00:00","description":"T\u01b0 v\u1ea5n mi\u1ec5n ph\u00ed v\u1ec1 ch\u1ecdn tr\u01b0\u1eddng \u0111\u1ea1i h\u1ecdc, h\u1ecdc b\u1ed5ng v\u00e0 xin th\u1ecb th\u1ef1c. H\u00e3y \u0111\u1ec3 D\u1ecbch v\u1ee5 Sinh vi\u00ean AUG gi\u00fap b\u1ea1n nhanh ch\u00f3ng ho\u00e0n th\u00e0nh h\u00e0nh tr\u00ecnh du h\u1ecdc ngay h\u00f4m nay.","breadcrumb":{"@id":"https:\/\/augstudy.com\/guide\/student-accommodation\/scape\/#breadcrumb"},"inLanguage":"vi","potentialAction":[{"@type":"ReadAction","target":["https:\/\/augstudy.com\/guide\/student-accommodation\/scape\/"]}]},{"@type":"BreadcrumbList","@id":"https:\/\/augstudy.com\/guide\/student-accommodation\/scape\/#breadcrumb","itemListElement":[{"@type":"ListItem","position":1,"name":"Home","item":"https:\/\/augstudy.com\/"},{"@type":"ListItem","position":2,"name":"Guide","item":"https:\/\/augstudy.com\/guide\/"},{"@type":"ListItem","position":3,"name":"Student Accommodation","item":"https:\/\/augstudy.com\/guide\/student-accommodation\/"},{"@type":"ListItem","position":4,"name":"Scape"}]},{"@type":"WebSite","@id":"https:\/\/augstudy.com\/#website","url":"https:\/\/augstudy.com\/","name":"D\u1ecbch v\u1ee5 Sinh vi\u00ean AUG","description":"D\u1ecbch v\u1ee5 sinh vi\u00ean","alternateName":"AUG Global","potentialAction":[{"@type":"SearchAction","target":{"@type":"EntryPoint","urlTemplate":"https:\/\/augstudy.com\/?s={search_term_string}"},"query-input":{"@type":"PropertyValueSpecification","valueRequired":true,"valueName":"search_term_string"}}],"inLanguage":"vi"}]}},"_links":{"self":[{"href":"https:\/\/augstudy.com\/vi\/wp-json\/wp\/v2\/pages\/102918","targetHints":{"allow":["GET"]}}],"collection":[{"href":"https:\/\/augstudy.com\/vi\/wp-json\/wp\/v2\/pages"}],"about":[{"href":"https:\/\/augstudy.com\/vi\/wp-json\/wp\/v2\/types\/page"}],"author":[{"embeddable":true,"href":"https:\/\/augstudy.com\/vi\/wp-json\/wp\/v2\/users\/4"}],"replies":[{"embeddable":true,"href":"https:\/\/augstudy.com\/vi\/wp-json\/wp\/v2\/comments?post=102918"}],"version-history":[{"count":0,"href":"https:\/\/augstudy.com\/vi\/wp-json\/wp\/v2\/pages\/102918\/revisions"}],"up":[{"embeddable":true,"href":"https:\/\/augstudy.com\/vi\/wp-json\/wp\/v2\/pages\/89147"}],"wp:attachment":[{"href":"https:\/\/augstudy.com\/vi\/wp-json\/wp\/v2\/media?parent=102918"}],"curies":[{"name":"wp","href":"https:\/\/api.w.org\/{rel}","templated":true}]}}